{"id":43,"date":"2026-01-15T01:19:18","date_gmt":"2026-01-15T01:19:18","guid":{"rendered":"https:\/\/cronicasdelchiriboga.djgavez.com\/?page_id=43"},"modified":"2026-01-16T03:38:51","modified_gmt":"2026-01-16T03:38:51","slug":"home","status":"publish","type":"page","link":"https:\/\/cronicasdelchiriboga.djgavez.com\/index.php\/home\/","title":{"rendered":"Home"},"content":{"rendered":"\t\t<div data-elementor-type=\"wp-page\" data-elementor-id=\"43\" class=\"elementor elementor-43\" data-elementor-post-type=\"page\">\n\t\t\t\t<div class=\"elementor-element elementor-element-1762ca6 e-flex e-con-boxed e-con e-parent\" data-id=\"1762ca6\" data-element_type=\"container\">\n\t\t\t\t\t<div class=\"e-con-inner\">\n\t\t\t\t<div class=\"elementor-element elementor-element-a54d556 elementor-widget elementor-widget-image\" data-id=\"a54d556\" data-element_type=\"widget\" data-widget_type=\"image.default\">\n\t\t\t\t\t\t\t\t\t\t\t\t\t\t\t<img fetchpriority=\"high\" decoding=\"async\" width=\"1024\" height=\"1024\" src=\"https:\/\/cronicasdelchiriboga.djgavez.com\/wp-content\/uploads\/2026\/01\/gabrielvelozec-1024x1024.jpg\" class=\"attachment-large size-large wp-image-102\" alt=\"\" srcset=\"https:\/\/cronicasdelchiriboga.djgavez.com\/wp-content\/uploads\/2026\/01\/gabrielvelozec-1024x1024.jpg 1024w, https:\/\/cronicasdelchiriboga.djgavez.com\/wp-content\/uploads\/2026\/01\/gabrielvelozec-300x300.jpg 300w, https:\/\/cronicasdelchiriboga.djgavez.com\/wp-content\/uploads\/2026\/01\/gabrielvelozec-150x150.jpg 150w, https:\/\/cronicasdelchiriboga.djgavez.com\/wp-content\/uploads\/2026\/01\/gabrielvelozec-768x768.jpg 768w, https:\/\/cronicasdelchiriboga.djgavez.com\/wp-content\/uploads\/2026\/01\/gabrielvelozec.jpg 1536w\" sizes=\"(max-width: 1024px) 100vw, 1024px\" \/>\t\t\t\t\t\t\t\t\t\t\t\t\t\t\t<\/div>\n\t\t\t\t<div class=\"elementor-element elementor-element-8213608 elementor-widget elementor-widget-heading\" data-id=\"8213608\" data-element_type=\"widget\" data-widget_type=\"heading.default\">\n\t\t\t\t\t<p class=\"elementor-heading-title elementor-size-default\">Este proyecto es una pr\u00e1ctica de gamificaci\u00f3n desarrollada por el Ing. Gabriel Veloz Zabala, Alumno del M\u00e1ster Universitario en Tecnolog\u00eda Educativa y Competencias Digitales de la UNIR y ser\u00eda el instructor de la materia de Historia de 2do de bachillerato de la Unidad Educativa Cap. Edmundo Chiriboga de la ciudad de Riobamba, Ecuador. Presentado para el a\u00f1o lectivo 2025 - 2026.<\/p>\t\t\t\t<\/div>\n\t\t\t\t\t<\/div>\n\t\t\t\t<\/div>\n\t\t\t\t<\/div>\n\t\t","protected":false},"excerpt":{"rendered":"<p>Este proyecto es una pr\u00e1ctica de gamificaci\u00f3n desarrollada por el Ing. Gabriel Veloz Zabala, Alumno del M\u00e1ster Universitario en Tecnolog\u00eda [&hellip;]<\/p>\n","protected":false},"author":1,"featured_media":0,"parent":0,"menu_order":0,"comment_status":"closed","ping_status":"closed","template":"","meta":{"site-sidebar-layout":"no-sidebar","site-content-layout":"","ast-site-content-layout":"full-width-container","site-content-style":"default","site-sidebar-style":"default","ast-global-header-display":"","ast-banner-title-visibility":"","ast-main-header-display":"","ast-hfb-above-header-display":"","ast-hfb-below-header-display":"","ast-hfb-mobile-header-display":"","site-post-title":"","ast-breadcrumbs-content":"","ast-featured-img":"disabled","footer-sml-layout":"","ast-disable-related-posts":"","theme-transparent-header-meta":"","adv-header-id-meta":"","stick-header-meta":"","header-above-stick-meta":"","header-main-stick-meta":"","header-below-stick-meta":"","astra-migrate-meta-layouts":"default","ast-page-background-enabled":"default","ast-page-background-meta":{"desktop":{"background-color":"var(--ast-global-color-5)","background-image":"","background-repeat":"repeat","background-position":"center center","background-size":"auto","background-attachment":"scroll","background-type":"","background-media":"","overlay-type":"","overlay-color":"","overlay-opacity":"","overlay-gradient":""},"tablet":{"background-color":"","background-image":"","background-repeat":"repeat","background-position":"center center","background-size":"auto","background-attachment":"scroll","background-type":"","background-media":"","overlay-type":"","overlay-color":"","overlay-opacity":"","overlay-gradient":""},"mobile":{"background-color":"","background-image":"","background-repeat":"repeat","background-position":"center center","background-size":"auto","background-attachment":"scroll","background-type":"","background-media":"","overlay-type":"","overlay-color":"","overlay-opacity":"","overlay-gradient":""}},"ast-content-background-meta":{"desktop":{"background-color":"var(--ast-global-color-4)","background-image":"","background-repeat":"repeat","background-position":"center center","background-size":"auto","background-attachment":"scroll","background-type":"","background-media":"","overlay-type":"","overlay-color":"","overlay-opacity":"","overlay-gradient":""},"tablet":{"background-color":"var(--ast-global-color-4)","background-image":"","background-repeat":"repeat","background-position":"center center","background-size":"auto","background-attachment":"scroll","background-type":"","background-media":"","overlay-type":"","overlay-color":"","overlay-opacity":"","overlay-gradient":""},"mobile":{"background-color":"var(--ast-global-color-4)","background-image":"","background-repeat":"repeat","background-position":"center center","background-size":"auto","background-attachment":"scroll","background-type":"","background-media":"","overlay-type":"","overlay-color":"","overlay-opacity":"","overlay-gradient":""}},"footnotes":""},"class_list":["post-43","page","type-page","status-publish","hentry"],"_links":{"self":[{"href":"https:\/\/cronicasdelchiriboga.djgavez.com\/index.php\/wp-json\/wp\/v2\/pages\/43","targetHints":{"allow":["GET"]}}],"collection":[{"href":"https:\/\/cronicasdelchiriboga.djgavez.com\/index.php\/wp-json\/wp\/v2\/pages"}],"about":[{"href":"https:\/\/cronicasdelchiriboga.djgavez.com\/index.php\/wp-json\/wp\/v2\/types\/page"}],"author":[{"embeddable":true,"href":"https:\/\/cronicasdelchiriboga.djgavez.com\/index.php\/wp-json\/wp\/v2\/users\/1"}],"replies":[{"embeddable":true,"href":"https:\/\/cronicasdelchiriboga.djgavez.com\/index.php\/wp-json\/wp\/v2\/comments?post=43"}],"version-history":[{"count":25,"href":"https:\/\/cronicasdelchiriboga.djgavez.com\/index.php\/wp-json\/wp\/v2\/pages\/43\/revisions"}],"predecessor-version":[{"id":232,"href":"https:\/\/cronicasdelchiriboga.djgavez.com\/index.php\/wp-json\/wp\/v2\/pages\/43\/revisions\/232"}],"wp:attachment":[{"href":"https:\/\/cronicasdelchiriboga.djgavez.com\/index.php\/wp-json\/wp\/v2\/media?parent=43"}],"curies":[{"name":"wp","href":"https:\/\/api.w.org\/{rel}","templated":true}]}}