{"id":45,"date":"2026-01-15T01:19:34","date_gmt":"2026-01-15T01:19:34","guid":{"rendered":"https:\/\/cronicasdelchiriboga.djgavez.com\/?page_id=45"},"modified":"2026-01-16T03:33:12","modified_gmt":"2026-01-16T03:33:12","slug":"historia","status":"publish","type":"page","link":"https:\/\/cronicasdelchiriboga.djgavez.com\/index.php\/historia\/","title":{"rendered":"Historia"},"content":{"rendered":"\t\t<div data-elementor-type=\"wp-page\" data-elementor-id=\"45\" class=\"elementor elementor-45\" data-elementor-post-type=\"page\">\n\t\t\t\t<div class=\"elementor-element elementor-element-dadcab1 e-flex e-con-boxed e-con e-parent\" data-id=\"dadcab1\" data-element_type=\"container\" data-settings=\"{&quot;background_background&quot;:&quot;classic&quot;}\">\n\t\t\t\t\t<div class=\"e-con-inner\">\n\t\t<div class=\"elementor-element elementor-element-4036c2b e-con-full e-flex e-con e-child\" data-id=\"4036c2b\" data-element_type=\"container\" data-settings=\"{&quot;background_background&quot;:&quot;classic&quot;}\">\n\t\t\t\t<div class=\"elementor-element elementor-element-8a9f8fe elementor-widget elementor-widget-text-editor\" data-id=\"8a9f8fe\" data-element_type=\"widget\" data-widget_type=\"text-editor.default\">\n\t\t\t\t\t\t\t\t\t<p>\u00abLa niebla del olvido desciende sobre Riobamba. El pasado se desvanece y solo los mejores cadetes pueden restaurar el C\u00f3dice del Capit\u00e1n.\u00bb<\/p><ul><li><strong>Breve descripci\u00f3n:<\/strong> Presentaci\u00f3n del Capit\u00e1n Edmundo Chiriboga como gu\u00eda temporal.<\/li><li><strong>El Conflicto:<\/strong> Las p\u00e1ginas de los libros est\u00e1n desapareciendo y los Guardianes deben recuperarlas viajando por las eras.<\/li><\/ul><p><b>Cr\u00f3nicas del Chiriboga: El Rescate del Tiempo<\/b><\/p><p><b>La Sultana de los Andes est\u00e1 en peligro.<\/b> Una misteriosa grieta temporal ha aparecido sobre el Chimborazo, provocando que las p\u00e1ginas de los libros de historia de la <b>Unidad Educativa \u00abCapit\u00e1n Edmundo Chiriboga\u00bb<\/b> comiencen a borrarse. Si los grandes hitos de la humanidad desaparecen, \u00a1nuestro presente tambi\u00e9n dejar\u00e1 de existir!<\/p><p>El esp\u00edritu del <b>Capit\u00e1n Edmundo Chiriboga<\/b> ha convocado a los estudiantes de 2do de Bachillerato para una misi\u00f3n cr\u00edtica. Ustedes ya no son solo alumnos; ahora son <b>Guardianes del Tiempo<\/b>.<\/p>\t\t\t\t\t\t\t\t<\/div>\n\t\t\t\t<\/div>\n\t\t<div class=\"elementor-element elementor-element-f109aad e-con-full e-flex e-con e-child\" data-id=\"f109aad\" data-element_type=\"container\">\n\t\t<div class=\"elementor-element elementor-element-5f7ca3d e-con-full e-flex e-con e-child\" data-id=\"5f7ca3d\" data-element_type=\"container\" data-settings=\"{&quot;background_background&quot;:&quot;classic&quot;}\">\n\t\t\t\t<div class=\"elementor-element elementor-element-2d2aba9 elementor-widget elementor-widget-text-editor\" data-id=\"2d2aba9\" data-element_type=\"widget\" data-widget_type=\"text-editor.default\">\n\t\t\t\t\t\t\t\t\t<p style=\"font-size: 16px; font-style: normal; font-weight: 400;\"><span style=\"font-weight: bold;\">Tu Misi\u00f3n:<\/span><\/p><p style=\"font-size: 16px; font-style: normal; font-weight: 400;\">Viajar a trav\u00e9s de las eras \u2014desde la antigua Grecia hasta la fundaci\u00f3n de nuestra Rep\u00fablica en Riobamba\u2014 para recuperar los\u00a0<span style=\"font-weight: bold;\">Fragmentos del C\u00f3dice<\/span>. Cada reto superado y cada pregunta respondida en el \u00abPortal de Flippity\u00bb restaurar\u00e1 un pedazo de nuestra memoria colectiva.<\/p><ul style=\"font-size: 16px; font-style: normal; font-weight: 400; margin-top: 0cm;\" type=\"disc\"><li style=\"font-size: 16px;\"><span style=\"font-weight: bold;\">El Reto:<\/span>\u00a0Superar los 4 Sellos de Sabidur\u00eda.<\/li><li style=\"font-size: 16px;\"><span style=\"font-weight: bold;\">La Recompensa:<\/span>\u00a0Salvar la historia y ascender al rango de\u00a0<span style=\"font-weight: bold;\">Custodio del C\u00f3dice<\/span>.<\/li><\/ul><p style=\"font-size: 16px; font-style: normal; font-weight: 400;\"><span style=\"font-weight: bold;\">El tiempo se agota y la historia est\u00e1 en sus manos. \u00bfLograr\u00e1n salvar el pasado antes de que el \u00abOlvido\u00bb lo borre todo?<\/span><\/p>\t\t\t\t\t\t\t\t<\/div>\n\t\t\t\t<\/div>\n\t\t<div class=\"elementor-element elementor-element-c4e99ed e-con-full e-flex e-con e-child\" data-id=\"c4e99ed\" data-element_type=\"container\">\n\t\t\t\t<div class=\"elementor-element elementor-element-0da1a42 elementor-widget elementor-widget-video\" data-id=\"0da1a42\" data-element_type=\"widget\" data-settings=\"{&quot;youtube_url&quot;:&quot;https:\\\/\\\/youtube.com\\\/shorts\\\/62teqNMUnUM&quot;,&quot;video_type&quot;:&quot;youtube&quot;,&quot;controls&quot;:&quot;yes&quot;}\" data-widget_type=\"video.default\">\n\t\t\t\t\t\t\t<div class=\"elementor-wrapper elementor-open-inline\">\n\t\t\t<div class=\"elementor-video\"><\/div>\t\t<\/div>\n\t\t\t\t\t\t<\/div>\n\t\t\t\t<\/div>\n\t\t\t\t<\/div>\n\t\t\t\t\t<\/div>\n\t\t\t\t<\/div>\n\t\t\t\t<\/div>\n\t\t","protected":false},"excerpt":{"rendered":"<p>\u00abLa niebla del olvido desciende sobre Riobamba. El pasado se desvanece y solo los mejores cadetes pueden restaurar el C\u00f3dice [&hellip;]<\/p>\n","protected":false},"author":1,"featured_media":0,"parent":0,"menu_order":0,"comment_status":"closed","ping_status":"closed","template":"","meta":{"site-sidebar-layout":"no-sidebar","site-content-layout":"","ast-site-content-layout":"full-width-container","site-content-style":"default","site-sidebar-style":"default","ast-global-header-display":"","ast-banner-title-visibility":"","ast-main-header-display":"","ast-hfb-above-header-display":"","ast-hfb-below-header-display":"","ast-hfb-mobile-header-display":"","site-post-title":"","ast-breadcrumbs-content":"","ast-featured-img":"disabled","footer-sml-layout":"","ast-disable-related-posts":"","theme-transparent-header-meta":"","adv-header-id-meta":"","stick-header-meta":"","header-above-stick-meta":"","header-main-stick-meta":"","header-below-stick-meta":"","astra-migrate-meta-layouts":"default","ast-page-background-enabled":"default","ast-page-background-meta":{"desktop":{"background-color":"var(--ast-global-color-5)","background-image":"","background-repeat":"repeat","background-position":"center center","background-size":"auto","background-attachment":"scroll","background-type":"","background-media":"","overlay-type":"","overlay-color":"","overlay-opacity":"","overlay-gradient":""},"tablet":{"background-color":"","background-image":"","background-repeat":"repeat","background-position":"center center","background-size":"auto","background-attachment":"scroll","background-type":"","background-media":"","overlay-type":"","overlay-color":"","overlay-opacity":"","overlay-gradient":""},"mobile":{"background-color":"","background-image":"","background-repeat":"repeat","background-position":"center center","background-size":"auto","background-attachment":"scroll","background-type":"","background-media":"","overlay-type":"","overlay-color":"","overlay-opacity":"","overlay-gradient":""}},"ast-content-background-meta":{"desktop":{"background-color":"var(--ast-global-color-4)","background-image":"","background-repeat":"repeat","background-position":"center center","background-size":"auto","background-attachment":"scroll","background-type":"","background-media":"","overlay-type":"","overlay-color":"","overlay-opacity":"","overlay-gradient":""},"tablet":{"background-color":"var(--ast-global-color-4)","background-image":"","background-repeat":"repeat","background-position":"center center","background-size":"auto","background-attachment":"scroll","background-type":"","background-media":"","overlay-type":"","overlay-color":"","overlay-opacity":"","overlay-gradient":""},"mobile":{"background-color":"var(--ast-global-color-4)","background-image":"","background-repeat":"repeat","background-position":"center center","background-size":"auto","background-attachment":"scroll","background-type":"","background-media":"","overlay-type":"","overlay-color":"","overlay-opacity":"","overlay-gradient":""}},"footnotes":""},"class_list":["post-45","page","type-page","status-publish","hentry"],"_links":{"self":[{"href":"https:\/\/cronicasdelchiriboga.djgavez.com\/index.php\/wp-json\/wp\/v2\/pages\/45","targetHints":{"allow":["GET"]}}],"collection":[{"href":"https:\/\/cronicasdelchiriboga.djgavez.com\/index.php\/wp-json\/wp\/v2\/pages"}],"about":[{"href":"https:\/\/cronicasdelchiriboga.djgavez.com\/index.php\/wp-json\/wp\/v2\/types\/page"}],"author":[{"embeddable":true,"href":"https:\/\/cronicasdelchiriboga.djgavez.com\/index.php\/wp-json\/wp\/v2\/users\/1"}],"replies":[{"embeddable":true,"href":"https:\/\/cronicasdelchiriboga.djgavez.com\/index.php\/wp-json\/wp\/v2\/comments?post=45"}],"version-history":[{"count":22,"href":"https:\/\/cronicasdelchiriboga.djgavez.com\/index.php\/wp-json\/wp\/v2\/pages\/45\/revisions"}],"predecessor-version":[{"id":214,"href":"https:\/\/cronicasdelchiriboga.djgavez.com\/index.php\/wp-json\/wp\/v2\/pages\/45\/revisions\/214"}],"wp:attachment":[{"href":"https:\/\/cronicasdelchiriboga.djgavez.com\/index.php\/wp-json\/wp\/v2\/media?parent=45"}],"curies":[{"name":"wp","href":"https:\/\/api.w.org\/{rel}","templated":true}]}}