{"id":85,"date":"2026-01-16T00:28:42","date_gmt":"2026-01-16T00:28:42","guid":{"rendered":"https:\/\/cronicasdelchiriboga.djgavez.com\/?page_id=85"},"modified":"2026-02-11T15:42:07","modified_gmt":"2026-02-11T15:42:07","slug":"fama-honor","status":"publish","type":"page","link":"https:\/\/cronicasdelchiriboga.djgavez.com\/index.php\/fama-honor\/","title":{"rendered":"Sistema de Honor"},"content":{"rendered":"\t\t<div data-elementor-type=\"wp-page\" data-elementor-id=\"85\" class=\"elementor elementor-85\" data-elementor-post-type=\"page\">\n\t\t\t\t<div class=\"elementor-element elementor-element-f2ff42c e-flex e-con-boxed e-con e-parent\" data-id=\"f2ff42c\" data-element_type=\"container\">\n\t\t\t\t\t<div class=\"e-con-inner\">\n\t\t<div class=\"elementor-element elementor-element-aa9de61 e-con-full e-flex e-con e-child\" data-id=\"aa9de61\" data-element_type=\"container\">\n\t\t<div class=\"elementor-element elementor-element-d20db5a e-con-full e-flex e-con e-child\" data-id=\"d20db5a\" data-element_type=\"container\" data-settings=\"{&quot;background_background&quot;:&quot;classic&quot;}\">\n\t\t\t\t<div class=\"elementor-element elementor-element-cc2f7d0 elementor-widget elementor-widget-text-editor\" data-id=\"cc2f7d0\" data-element_type=\"widget\" data-widget_type=\"text-editor.default\">\n\t\t\t\t\t\t\t\t\t<p><strong>El Sal\u00f3n de la Fama (Leaderboard)<\/strong><\/p><p>Secci\u00f3n interactiva: Una tabla din\u00e1mica donde publicar\u00e1s semanalmente qui\u00e9nes ostentan los rangos de:<\/p>\t\t\t\t\t\t\t\t<\/div>\n\t\t\t\t<div class=\"elementor-element elementor-element-39428cc elementor-position-top elementor-widget elementor-widget-image-box\" data-id=\"39428cc\" data-element_type=\"widget\" data-widget_type=\"image-box.default\">\n\t\t\t\t\t<div class=\"elementor-image-box-wrapper\"><figure class=\"elementor-image-box-img\"><img fetchpriority=\"high\" decoding=\"async\" width=\"704\" height=\"384\" src=\"https:\/\/cronicasdelchiriboga.djgavez.com\/wp-content\/uploads\/2026\/01\/01-Recluta-de-la-Historia.webp\" class=\"attachment-full size-full wp-image-167\" alt=\"\" srcset=\"https:\/\/cronicasdelchiriboga.djgavez.com\/wp-content\/uploads\/2026\/01\/01-Recluta-de-la-Historia.webp 704w, https:\/\/cronicasdelchiriboga.djgavez.com\/wp-content\/uploads\/2026\/01\/01-Recluta-de-la-Historia-300x164.webp 300w\" sizes=\"(max-width: 704px) 100vw, 704px\" \/><\/figure><div class=\"elementor-image-box-content\"><h3 class=\"elementor-image-box-title\">Recluta de la Historia (0 \u2013 200 PS)<\/h3><\/div><\/div>\t\t\t\t<\/div>\n\t\t\t\t<div class=\"elementor-element elementor-element-cb310c3 elementor-position-top elementor-widget elementor-widget-image-box\" data-id=\"cb310c3\" data-element_type=\"widget\" data-widget_type=\"image-box.default\">\n\t\t\t\t\t<div class=\"elementor-image-box-wrapper\"><figure class=\"elementor-image-box-img\"><img decoding=\"async\" width=\"704\" height=\"384\" src=\"https:\/\/cronicasdelchiriboga.djgavez.com\/wp-content\/uploads\/2026\/01\/02-Explorador-Colonial.webp\" class=\"attachment-full size-full wp-image-166\" alt=\"\" srcset=\"https:\/\/cronicasdelchiriboga.djgavez.com\/wp-content\/uploads\/2026\/01\/02-Explorador-Colonial.webp 704w, https:\/\/cronicasdelchiriboga.djgavez.com\/wp-content\/uploads\/2026\/01\/02-Explorador-Colonial-300x164.webp 300w\" sizes=\"(max-width: 704px) 100vw, 704px\" \/><\/figure><div class=\"elementor-image-box-content\"><h3 class=\"elementor-image-box-title\">Explorador Colonial (201 \u2013 500 PS)<\/h3><\/div><\/div>\t\t\t\t<\/div>\n\t\t\t\t<div class=\"elementor-element elementor-element-6e169c6 elementor-position-top elementor-widget elementor-widget-image-box\" data-id=\"6e169c6\" data-element_type=\"widget\" data-widget_type=\"image-box.default\">\n\t\t\t\t\t<div class=\"elementor-image-box-wrapper\"><figure class=\"elementor-image-box-img\"><img decoding=\"async\" width=\"704\" height=\"384\" src=\"https:\/\/cronicasdelchiriboga.djgavez.com\/wp-content\/uploads\/2026\/01\/03-Procer-de-la-Libertad.webp\" class=\"attachment-full size-full wp-image-165\" alt=\"\" srcset=\"https:\/\/cronicasdelchiriboga.djgavez.com\/wp-content\/uploads\/2026\/01\/03-Procer-de-la-Libertad.webp 704w, https:\/\/cronicasdelchiriboga.djgavez.com\/wp-content\/uploads\/2026\/01\/03-Procer-de-la-Libertad-300x164.webp 300w\" sizes=\"(max-width: 704px) 100vw, 704px\" \/><\/figure><div class=\"elementor-image-box-content\"><h3 class=\"elementor-image-box-title\">Pr\u00f3cer de la Libertad (501 \u2013 800 PS)<\/h3><\/div><\/div>\t\t\t\t<\/div>\n\t\t\t\t<div class=\"elementor-element elementor-element-9c1878d elementor-position-top elementor-widget elementor-widget-image-box\" data-id=\"9c1878d\" data-element_type=\"widget\" data-widget_type=\"image-box.default\">\n\t\t\t\t\t<div class=\"elementor-image-box-wrapper\"><figure class=\"elementor-image-box-img\"><img loading=\"lazy\" decoding=\"async\" width=\"704\" height=\"384\" src=\"https:\/\/cronicasdelchiriboga.djgavez.com\/wp-content\/uploads\/2026\/01\/04-Guardian-del-Codice.webp\" class=\"attachment-full size-full wp-image-164\" alt=\"\" srcset=\"https:\/\/cronicasdelchiriboga.djgavez.com\/wp-content\/uploads\/2026\/01\/04-Guardian-del-Codice.webp 704w, https:\/\/cronicasdelchiriboga.djgavez.com\/wp-content\/uploads\/2026\/01\/04-Guardian-del-Codice-300x164.webp 300w\" sizes=\"(max-width: 704px) 100vw, 704px\" \/><\/figure><div class=\"elementor-image-box-content\"><h3 class=\"elementor-image-box-title\">Guardi\u00e1n del C\u00f3dice (+800 PS)<\/h3><\/div><\/div>\t\t\t\t<\/div>\n\t\t\t\t<\/div>\n\t\t<div class=\"elementor-element elementor-element-9154f4c e-con-full e-flex e-con e-child\" data-id=\"9154f4c\" data-element_type=\"container\">\n\t\t\t\t<div class=\"elementor-element elementor-element-57eface elementor-widget elementor-widget-html\" data-id=\"57eface\" data-element_type=\"widget\" data-widget_type=\"html.default\">\n\t\t\t\t\t<iframe \r\n  src=\"https:\/\/padlet.com\/gabrielvelozzabala\/insignias-de-cr-nicas-del-chiriboga-guardianes-del-tiempo-1r8kn6x80l41ob59\" \r\n  style=\"width:100%; height:1200px; border:0;\" \r\n  allowfullscreen>\r\n<\/iframe>\r\n\t\t\t\t<\/div>\n\t\t\t\t<\/div>\n\t\t\t\t<\/div>\n\t\t\t\t\t<\/div>\n\t\t\t\t<\/div>\n\t\t<div class=\"elementor-element elementor-element-9f174d0 e-flex e-con-boxed e-con e-parent\" data-id=\"9f174d0\" data-element_type=\"container\">\n\t\t\t\t\t<div class=\"e-con-inner\">\n\t\t\t\t\t<\/div>\n\t\t\t\t<\/div>\n\t\t\t\t<\/div>\n\t\t","protected":false},"excerpt":{"rendered":"<p>El Sal\u00f3n de la Fama (Leaderboard) Secci\u00f3n interactiva: Una tabla din\u00e1mica donde publicar\u00e1s semanalmente qui\u00e9nes ostentan los rangos de: Recluta [&hellip;]<\/p>\n","protected":false},"author":1,"featured_media":0,"parent":0,"menu_order":0,"comment_status":"closed","ping_status":"closed","template":"","meta":{"site-sidebar-layout":"no-sidebar","site-content-layout":"","ast-site-content-layout":"full-width-container","site-content-style":"default","site-sidebar-style":"default","ast-global-header-display":"","ast-banner-title-visibility":"","ast-main-header-display":"","ast-hfb-above-header-display":"","ast-hfb-below-header-display":"","ast-hfb-mobile-header-display":"","site-post-title":"","ast-breadcrumbs-content":"","ast-featured-img":"disabled","footer-sml-layout":"","ast-disable-related-posts":"","theme-transparent-header-meta":"","adv-header-id-meta":"","stick-header-meta":"","header-above-stick-meta":"","header-main-stick-meta":"","header-below-stick-meta":"","astra-migrate-meta-layouts":"default","ast-page-background-enabled":"default","ast-page-background-meta":{"desktop":{"background-color":"var(--ast-global-color-5)","background-image":"","background-repeat":"repeat","background-position":"center center","background-size":"auto","background-attachment":"scroll","background-type":"","background-media":"","overlay-type":"","overlay-color":"","overlay-opacity":"","overlay-gradient":""},"tablet":{"background-color":"","background-image":"","background-repeat":"repeat","background-position":"center center","background-size":"auto","background-attachment":"scroll","background-type":"","background-media":"","overlay-type":"","overlay-color":"","overlay-opacity":"","overlay-gradient":""},"mobile":{"background-color":"","background-image":"","background-repeat":"repeat","background-position":"center center","background-size":"auto","background-attachment":"scroll","background-type":"","background-media":"","overlay-type":"","overlay-color":"","overlay-opacity":"","overlay-gradient":""}},"ast-content-background-meta":{"desktop":{"background-color":"var(--ast-global-color-4)","background-image":"","background-repeat":"repeat","background-position":"center center","background-size":"auto","background-attachment":"scroll","background-type":"","background-media":"","overlay-type":"","overlay-color":"","overlay-opacity":"","overlay-gradient":""},"tablet":{"background-color":"var(--ast-global-color-4)","background-image":"","background-repeat":"repeat","background-position":"center center","background-size":"auto","background-attachment":"scroll","background-type":"","background-media":"","overlay-type":"","overlay-color":"","overlay-opacity":"","overlay-gradient":""},"mobile":{"background-color":"var(--ast-global-color-4)","background-image":"","background-repeat":"repeat","background-position":"center center","background-size":"auto","background-attachment":"scroll","background-type":"","background-media":"","overlay-type":"","overlay-color":"","overlay-opacity":"","overlay-gradient":""}},"footnotes":""},"class_list":["post-85","page","type-page","status-publish","hentry"],"_links":{"self":[{"href":"https:\/\/cronicasdelchiriboga.djgavez.com\/index.php\/wp-json\/wp\/v2\/pages\/85","targetHints":{"allow":["GET"]}}],"collection":[{"href":"https:\/\/cronicasdelchiriboga.djgavez.com\/index.php\/wp-json\/wp\/v2\/pages"}],"about":[{"href":"https:\/\/cronicasdelchiriboga.djgavez.com\/index.php\/wp-json\/wp\/v2\/types\/page"}],"author":[{"embeddable":true,"href":"https:\/\/cronicasdelchiriboga.djgavez.com\/index.php\/wp-json\/wp\/v2\/users\/1"}],"replies":[{"embeddable":true,"href":"https:\/\/cronicasdelchiriboga.djgavez.com\/index.php\/wp-json\/wp\/v2\/comments?post=85"}],"version-history":[{"count":87,"href":"https:\/\/cronicasdelchiriboga.djgavez.com\/index.php\/wp-json\/wp\/v2\/pages\/85\/revisions"}],"predecessor-version":[{"id":248,"href":"https:\/\/cronicasdelchiriboga.djgavez.com\/index.php\/wp-json\/wp\/v2\/pages\/85\/revisions\/248"}],"wp:attachment":[{"href":"https:\/\/cronicasdelchiriboga.djgavez.com\/index.php\/wp-json\/wp\/v2\/media?parent=85"}],"curies":[{"name":"wp","href":"https:\/\/api.w.org\/{rel}","templated":true}]}}